{"id":85,"date":"2016-10-14T10:23:36","date_gmt":"2016-10-14T08:23:36","guid":{"rendered":"http:\/\/www.alamel.fr\/?page_id=85"},"modified":"2016-10-14T11:21:14","modified_gmt":"2016-10-14T09:21:14","slug":"le-saint-coran","status":"publish","type":"page","link":"https:\/\/www.alamel.fr\/index.php\/les-cours\/le-saint-coran\/","title":{"rendered":"Le saint coran"},"content":{"rendered":"<p>Les cours du saint coran sont destin\u00e9s \u00e0 des enfants sachant lire et \u00e9crire l&#8217;Arabe (Niveau 2), ils sont dispens\u00e9s par notre Imam.<\/p>\n<p>Le but de ces cours est d&#8217;apprendre \u00e0 lire le coran et le r\u00e9citer avec les r\u00e8gles de Tajwid, la m\u00e9morisation est \u00e9galement travaill\u00e9e. Ces cours sont en Warch d&#8217;apr\u00e8s Nafii.<\/p>\n<p><img loading=\"lazy\" decoding=\"async\" class=\"alignnone size-medium wp-image-116\" src=\"http:\/\/www.alamel.fr\/wp-content\/uploads\/2016\/10\/coran-tajwid-index-des-mots-du-coran-warch--300x300.jpg\" alt=\"coran-tajwid-index-des-mots-du-coran-warch\" width=\"300\" height=\"300\" srcset=\"https:\/\/www.alamel.fr\/wp-content\/uploads\/2016\/10\/coran-tajwid-index-des-mots-du-coran-warch--300x300.jpg 300w, https:\/\/www.alamel.fr\/wp-content\/uploads\/2016\/10\/coran-tajwid-index-des-mots-du-coran-warch--150x150.jpg 150w, https:\/\/www.alamel.fr\/wp-content\/uploads\/2016\/10\/coran-tajwid-index-des-mots-du-coran-warch-.jpg 600w\" sizes=\"auto, (max-width: 300px) 100vw, 300px\" \/><\/p>\n<p>Notre Imam est titulaire de deux licences coraniques (Warch et Qaloun).<\/p>\n","protected":false},"excerpt":{"rendered":"<p>Les cours du saint coran sont destin\u00e9s \u00e0 des enfants sachant lire et \u00e9crire l&#8217;Arabe (Niveau 2), ils sont dispens\u00e9s par notre Imam. Le but de ces cours est d&#8217;apprendre \u00e0 lire le coran et le r\u00e9citer avec les r\u00e8gles <a href=\"https:\/\/www.alamel.fr\/index.php\/les-cours\/le-saint-coran\/\" class=\"read-more\">Read More &#8230;<\/a><\/p>\n","protected":false},"author":1,"featured_media":0,"parent":9,"menu_order":0,"comment_status":"closed","ping_status":"closed","template":"","meta":{"footnotes":""},"class_list":["post-85","page","type-page","status-publish","hentry"],"yoast_head":"<!-- This site is optimized with the Yoast SEO plugin v16.4 - https:\/\/yoast.com\/wordpress\/plugins\/seo\/ -->\n<title>Le saint coran | \u00c9cole Al Amel | \u0645\u062f\u0631\u0633\u0629 \u0627\u0644\u0623\u0645\u0644<\/title>\n<meta name=\"robots\" content=\"index, follow, max-snippet:-1, max-image-preview:large, max-video-preview:-1\" \/>\n<link rel=\"canonical\" href=\"https:\/\/www.alamel.fr\/index.php\/les-cours\/le-saint-coran\/\" \/>\n<meta property=\"og:locale\" content=\"fr_FR\" \/>\n<meta property=\"og:type\" content=\"article\" \/>\n<meta property=\"og:title\" content=\"Le saint coran | \u00c9cole Al Amel | \u0645\u062f\u0631\u0633\u0629 \u0627\u0644\u0623\u0645\u0644\" \/>\n<meta property=\"og:description\" content=\"Les cours du saint coran sont destin\u00e9s \u00e0 des enfants sachant lire et \u00e9crire l&#8217;Arabe (Niveau 2), ils sont dispens\u00e9s par notre Imam. Le but de ces cours est d&#8217;apprendre \u00e0 lire le coran et le r\u00e9citer avec les r\u00e8gles Read More ...\" \/>\n<meta property=\"og:url\" content=\"https:\/\/www.alamel.fr\/index.php\/les-cours\/le-saint-coran\/\" \/>\n<meta property=\"og:site_name\" content=\"\u00c9cole Al Amel | \u0645\u062f\u0631\u0633\u0629 \u0627\u0644\u0623\u0645\u0644\" \/>\n<meta property=\"article:modified_time\" content=\"2016-10-14T09:21:14+00:00\" \/>\n<meta property=\"og:image\" content=\"http:\/\/www.alamel.fr\/wp-content\/uploads\/2016\/10\/coran-tajwid-index-des-mots-du-coran-warch--300x300.jpg\" \/>\n<meta name=\"twitter:card\" content=\"summary\" \/>\n<script type=\"application\/ld+json\" class=\"yoast-schema-graph\">{\"@context\":\"https:\/\/schema.org\",\"@graph\":[{\"@type\":\"Organization\",\"@id\":\"https:\/\/www.alamel.fr\/#organization\",\"name\":\"Association Culturelle Islamique Cherbourg\",\"url\":\"https:\/\/www.alamel.fr\/\",\"sameAs\":[],\"logo\":{\"@type\":\"ImageObject\",\"@id\":\"https:\/\/www.alamel.fr\/#logo\",\"inLanguage\":\"fr-FR\",\"url\":\"https:\/\/www.alamel.fr\/wp-content\/uploads\/2016\/10\/cropped-cropped-logo-ecole-de-lespoir-3-1-1.jpg\",\"contentUrl\":\"https:\/\/www.alamel.fr\/wp-content\/uploads\/2016\/10\/cropped-cropped-logo-ecole-de-lespoir-3-1-1.jpg\",\"width\":512,\"height\":512,\"caption\":\"Association Culturelle Islamique Cherbourg\"},\"image\":{\"@id\":\"https:\/\/www.alamel.fr\/#logo\"}},{\"@type\":\"WebSite\",\"@id\":\"https:\/\/www.alamel.fr\/#website\",\"url\":\"https:\/\/www.alamel.fr\/\",\"name\":\"\\u00c9cole Al Amel | \\u0645\\u062f\\u0631\\u0633\\u0629 \\u0627\\u0644\\u0623\\u0645\\u0644\",\"description\":\"Parce que l&#039;Arabe est une fi\\u00e8rt\\u00e9...\",\"publisher\":{\"@id\":\"https:\/\/www.alamel.fr\/#organization\"},\"potentialAction\":[{\"@type\":\"SearchAction\",\"target\":\"https:\/\/www.alamel.fr\/?s={search_term_string}\",\"query-input\":\"required name=search_term_string\"}],\"inLanguage\":\"fr-FR\"},{\"@type\":\"ImageObject\",\"@id\":\"https:\/\/www.alamel.fr\/index.php\/les-cours\/le-saint-coran\/#primaryimage\",\"inLanguage\":\"fr-FR\",\"url\":\"http:\/\/www.alamel.fr\/wp-content\/uploads\/2016\/10\/coran-tajwid-index-des-mots-du-coran-warch--300x300.jpg\",\"contentUrl\":\"http:\/\/www.alamel.fr\/wp-content\/uploads\/2016\/10\/coran-tajwid-index-des-mots-du-coran-warch--300x300.jpg\"},{\"@type\":\"WebPage\",\"@id\":\"https:\/\/www.alamel.fr\/index.php\/les-cours\/le-saint-coran\/#webpage\",\"url\":\"https:\/\/www.alamel.fr\/index.php\/les-cours\/le-saint-coran\/\",\"name\":\"Le saint coran | \\u00c9cole Al Amel | \\u0645\\u062f\\u0631\\u0633\\u0629 \\u0627\\u0644\\u0623\\u0645\\u0644\",\"isPartOf\":{\"@id\":\"https:\/\/www.alamel.fr\/#website\"},\"primaryImageOfPage\":{\"@id\":\"https:\/\/www.alamel.fr\/index.php\/les-cours\/le-saint-coran\/#primaryimage\"},\"datePublished\":\"2016-10-14T08:23:36+00:00\",\"dateModified\":\"2016-10-14T09:21:14+00:00\",\"breadcrumb\":{\"@id\":\"https:\/\/www.alamel.fr\/index.php\/les-cours\/le-saint-coran\/#breadcrumb\"},\"inLanguage\":\"fr-FR\",\"potentialAction\":[{\"@type\":\"ReadAction\",\"target\":[\"https:\/\/www.alamel.fr\/index.php\/les-cours\/le-saint-coran\/\"]}]},{\"@type\":\"BreadcrumbList\",\"@id\":\"https:\/\/www.alamel.fr\/index.php\/les-cours\/le-saint-coran\/#breadcrumb\",\"itemListElement\":[{\"@type\":\"ListItem\",\"position\":1,\"item\":{\"@type\":\"WebPage\",\"@id\":\"https:\/\/www.alamel.fr\/\",\"url\":\"https:\/\/www.alamel.fr\/\",\"name\":\"Accueil\"}},{\"@type\":\"ListItem\",\"position\":2,\"item\":{\"@type\":\"WebPage\",\"@id\":\"https:\/\/www.alamel.fr\/index.php\/les-cours\/\",\"url\":\"https:\/\/www.alamel.fr\/index.php\/les-cours\/\",\"name\":\"Les cours\"}},{\"@type\":\"ListItem\",\"position\":3,\"item\":{\"@id\":\"https:\/\/www.alamel.fr\/index.php\/les-cours\/le-saint-coran\/#webpage\"}}]}]}<\/script>\n<!-- \/ Yoast SEO plugin. -->","_links":{"self":[{"href":"https:\/\/www.alamel.fr\/index.php\/wp-json\/wp\/v2\/pages\/85","targetHints":{"allow":["GET"]}}],"collection":[{"href":"https:\/\/www.alamel.fr\/index.php\/wp-json\/wp\/v2\/pages"}],"about":[{"href":"https:\/\/www.alamel.fr\/index.php\/wp-json\/wp\/v2\/types\/page"}],"author":[{"embeddable":true,"href":"https:\/\/www.alamel.fr\/index.php\/wp-json\/wp\/v2\/users\/1"}],"replies":[{"embeddable":true,"href":"https:\/\/www.alamel.fr\/index.php\/wp-json\/wp\/v2\/comments?post=85"}],"version-history":[{"count":3,"href":"https:\/\/www.alamel.fr\/index.php\/wp-json\/wp\/v2\/pages\/85\/revisions"}],"predecessor-version":[{"id":117,"href":"https:\/\/www.alamel.fr\/index.php\/wp-json\/wp\/v2\/pages\/85\/revisions\/117"}],"up":[{"embeddable":true,"href":"https:\/\/www.alamel.fr\/index.php\/wp-json\/wp\/v2\/pages\/9"}],"wp:attachment":[{"href":"https:\/\/www.alamel.fr\/index.php\/wp-json\/wp\/v2\/media?parent=85"}],"curies":[{"name":"wp","href":"https:\/\/api.w.org\/{rel}","templated":true}]}}