{"id":75,"date":"2016-10-14T09:58:17","date_gmt":"2016-10-14T07:58:17","guid":{"rendered":"http:\/\/www.alamel.fr\/?page_id=75"},"modified":"2016-10-22T22:42:35","modified_gmt":"2016-10-22T20:42:35","slug":"arabe-niveau-1","status":"publish","type":"page","link":"https:\/\/www.alamel.fr\/index.php\/les-cours\/arabe-niveau-1\/","title":{"rendered":"Arabe : Niveau 1"},"content":{"rendered":"<p>Une fois la classe pr\u00e9paratoire termin\u00e9e, ce niveau permet \u00e0 l&#8217;enfant d&#8217;\u00eatre\u00a0capable de transformer un son en une lettre \u00e9crite (\u00e9criture et dict\u00e9e) et inversement (lecture).\u00a0Il saura lire\u00a0la lettre seule, dans un mot ou un groupe de mots formant une unit\u00e9\u00a0dans une phrase.<\/p>\n<p>Par ailleurs, les le\u00e7ons de vocabulaire donnent une base linguistique et lexicale \u00e9l\u00e9mentaire, dont\u00a0l&#8217;enfant apprends \u00e0 se servir.<\/p>\n<p><img loading=\"lazy\" decoding=\"async\" class=\"alignnone size-medium wp-image-108\" src=\"http:\/\/www.alamel.fr\/wp-content\/uploads\/2016\/10\/Image-niveau-1-300x300.jpg\" alt=\"image-niveau-1\" width=\"300\" height=\"300\" srcset=\"https:\/\/www.alamel.fr\/wp-content\/uploads\/2016\/10\/Image-niveau-1-300x300.jpg 300w, https:\/\/www.alamel.fr\/wp-content\/uploads\/2016\/10\/Image-niveau-1-150x150.jpg 150w, https:\/\/www.alamel.fr\/wp-content\/uploads\/2016\/10\/Image-niveau-1.jpg 600w\" sizes=\"auto, (max-width: 300px) 100vw, 300px\" \/><\/p>\n<p>Vous pouvez voir un aper\u00e7u du manuel en cliquant ici :<\/p>\n<figure id=\"attachment_222\" aria-describedby=\"caption-attachment-222\" style=\"width: 103px\" class=\"wp-caption alignleft\"><a href=\"http:\/\/www.alamel.fr\/wp-content\/uploads\/2016\/10\/Manuel-de-langue-Arabe-niveau-1.pdf\"><img loading=\"lazy\" decoding=\"async\" class=\"wp-image-222\" src=\"http:\/\/www.alamel.fr\/wp-content\/uploads\/2016\/10\/icone-adobe-reader-150x150.png\" alt=\"Fiche d'inscription pour adultes\" width=\"103\" height=\"103\" srcset=\"https:\/\/www.alamel.fr\/wp-content\/uploads\/2016\/10\/icone-adobe-reader-150x150.png 150w, https:\/\/www.alamel.fr\/wp-content\/uploads\/2016\/10\/icone-adobe-reader-300x300.png 300w, https:\/\/www.alamel.fr\/wp-content\/uploads\/2016\/10\/icone-adobe-reader-270x270.png 270w, https:\/\/www.alamel.fr\/wp-content\/uploads\/2016\/10\/icone-adobe-reader.png 512w\" sizes=\"auto, (max-width: 103px) 100vw, 103px\" \/><\/a><figcaption id=\"caption-attachment-222\" class=\"wp-caption-text\">Manuel niveau 1<\/figcaption><\/figure>\n<p>&nbsp;<\/p>\n<p>&nbsp;<\/p>\n<p>&nbsp;<\/p>\n<p>&nbsp;<\/p>\n<p>&nbsp;<\/p>\n","protected":false},"excerpt":{"rendered":"<p>Une fois la classe pr\u00e9paratoire termin\u00e9e, ce niveau permet \u00e0 l&#8217;enfant d&#8217;\u00eatre\u00a0capable de transformer un son en une lettre \u00e9crite (\u00e9criture et dict\u00e9e) et inversement (lecture).\u00a0Il saura lire\u00a0la lettre seule, dans un mot ou un groupe de mots formant une <a href=\"https:\/\/www.alamel.fr\/index.php\/les-cours\/arabe-niveau-1\/\" class=\"read-more\">Read More &#8230;<\/a><\/p>\n","protected":false},"author":1,"featured_media":0,"parent":9,"menu_order":0,"comment_status":"closed","ping_status":"closed","template":"","meta":{"footnotes":""},"class_list":["post-75","page","type-page","status-publish","hentry"],"yoast_head":"<!-- This site is optimized with the Yoast SEO plugin v16.4 - https:\/\/yoast.com\/wordpress\/plugins\/seo\/ -->\n<title>Arabe : Niveau 1 | \u00c9cole Al Amel | \u0645\u062f\u0631\u0633\u0629 \u0627\u0644\u0623\u0645\u0644<\/title>\n<meta name=\"robots\" content=\"index, follow, max-snippet:-1, max-image-preview:large, max-video-preview:-1\" \/>\n<link rel=\"canonical\" href=\"https:\/\/www.alamel.fr\/index.php\/les-cours\/arabe-niveau-1\/\" \/>\n<meta property=\"og:locale\" content=\"fr_FR\" \/>\n<meta property=\"og:type\" content=\"article\" \/>\n<meta property=\"og:title\" content=\"Arabe : Niveau 1 | \u00c9cole Al Amel | \u0645\u062f\u0631\u0633\u0629 \u0627\u0644\u0623\u0645\u0644\" \/>\n<meta property=\"og:description\" content=\"Une fois la classe pr\u00e9paratoire termin\u00e9e, ce niveau permet \u00e0 l&#8217;enfant d&#8217;\u00eatre\u00a0capable de transformer un son en une lettre \u00e9crite (\u00e9criture et dict\u00e9e) et inversement (lecture).\u00a0Il saura lire\u00a0la lettre seule, dans un mot ou un groupe de mots formant une Read More ...\" \/>\n<meta property=\"og:url\" content=\"https:\/\/www.alamel.fr\/index.php\/les-cours\/arabe-niveau-1\/\" \/>\n<meta property=\"og:site_name\" content=\"\u00c9cole Al Amel | \u0645\u062f\u0631\u0633\u0629 \u0627\u0644\u0623\u0645\u0644\" \/>\n<meta property=\"article:modified_time\" content=\"2016-10-22T20:42:35+00:00\" \/>\n<meta property=\"og:image\" content=\"http:\/\/www.alamel.fr\/wp-content\/uploads\/2016\/10\/Image-niveau-1-300x300.jpg\" \/>\n<meta name=\"twitter:card\" content=\"summary\" \/>\n<script type=\"application\/ld+json\" class=\"yoast-schema-graph\">{\"@context\":\"https:\/\/schema.org\",\"@graph\":[{\"@type\":\"Organization\",\"@id\":\"https:\/\/www.alamel.fr\/#organization\",\"name\":\"Association Culturelle Islamique Cherbourg\",\"url\":\"https:\/\/www.alamel.fr\/\",\"sameAs\":[],\"logo\":{\"@type\":\"ImageObject\",\"@id\":\"https:\/\/www.alamel.fr\/#logo\",\"inLanguage\":\"fr-FR\",\"url\":\"https:\/\/www.alamel.fr\/wp-content\/uploads\/2016\/10\/cropped-cropped-logo-ecole-de-lespoir-3-1-1.jpg\",\"contentUrl\":\"https:\/\/www.alamel.fr\/wp-content\/uploads\/2016\/10\/cropped-cropped-logo-ecole-de-lespoir-3-1-1.jpg\",\"width\":512,\"height\":512,\"caption\":\"Association Culturelle Islamique Cherbourg\"},\"image\":{\"@id\":\"https:\/\/www.alamel.fr\/#logo\"}},{\"@type\":\"WebSite\",\"@id\":\"https:\/\/www.alamel.fr\/#website\",\"url\":\"https:\/\/www.alamel.fr\/\",\"name\":\"\\u00c9cole Al Amel | \\u0645\\u062f\\u0631\\u0633\\u0629 \\u0627\\u0644\\u0623\\u0645\\u0644\",\"description\":\"Parce que l&#039;Arabe est une fi\\u00e8rt\\u00e9...\",\"publisher\":{\"@id\":\"https:\/\/www.alamel.fr\/#organization\"},\"potentialAction\":[{\"@type\":\"SearchAction\",\"target\":\"https:\/\/www.alamel.fr\/?s={search_term_string}\",\"query-input\":\"required name=search_term_string\"}],\"inLanguage\":\"fr-FR\"},{\"@type\":\"ImageObject\",\"@id\":\"https:\/\/www.alamel.fr\/index.php\/les-cours\/arabe-niveau-1\/#primaryimage\",\"inLanguage\":\"fr-FR\",\"url\":\"http:\/\/www.alamel.fr\/wp-content\/uploads\/2016\/10\/Image-niveau-1-300x300.jpg\",\"contentUrl\":\"http:\/\/www.alamel.fr\/wp-content\/uploads\/2016\/10\/Image-niveau-1-300x300.jpg\"},{\"@type\":\"WebPage\",\"@id\":\"https:\/\/www.alamel.fr\/index.php\/les-cours\/arabe-niveau-1\/#webpage\",\"url\":\"https:\/\/www.alamel.fr\/index.php\/les-cours\/arabe-niveau-1\/\",\"name\":\"Arabe : Niveau 1 | \\u00c9cole Al Amel | \\u0645\\u062f\\u0631\\u0633\\u0629 \\u0627\\u0644\\u0623\\u0645\\u0644\",\"isPartOf\":{\"@id\":\"https:\/\/www.alamel.fr\/#website\"},\"primaryImageOfPage\":{\"@id\":\"https:\/\/www.alamel.fr\/index.php\/les-cours\/arabe-niveau-1\/#primaryimage\"},\"datePublished\":\"2016-10-14T07:58:17+00:00\",\"dateModified\":\"2016-10-22T20:42:35+00:00\",\"breadcrumb\":{\"@id\":\"https:\/\/www.alamel.fr\/index.php\/les-cours\/arabe-niveau-1\/#breadcrumb\"},\"inLanguage\":\"fr-FR\",\"potentialAction\":[{\"@type\":\"ReadAction\",\"target\":[\"https:\/\/www.alamel.fr\/index.php\/les-cours\/arabe-niveau-1\/\"]}]},{\"@type\":\"BreadcrumbList\",\"@id\":\"https:\/\/www.alamel.fr\/index.php\/les-cours\/arabe-niveau-1\/#breadcrumb\",\"itemListElement\":[{\"@type\":\"ListItem\",\"position\":1,\"item\":{\"@type\":\"WebPage\",\"@id\":\"https:\/\/www.alamel.fr\/\",\"url\":\"https:\/\/www.alamel.fr\/\",\"name\":\"Accueil\"}},{\"@type\":\"ListItem\",\"position\":2,\"item\":{\"@type\":\"WebPage\",\"@id\":\"https:\/\/www.alamel.fr\/index.php\/les-cours\/\",\"url\":\"https:\/\/www.alamel.fr\/index.php\/les-cours\/\",\"name\":\"Les cours\"}},{\"@type\":\"ListItem\",\"position\":3,\"item\":{\"@id\":\"https:\/\/www.alamel.fr\/index.php\/les-cours\/arabe-niveau-1\/#webpage\"}}]}]}<\/script>\n<!-- \/ Yoast SEO plugin. -->","_links":{"self":[{"href":"https:\/\/www.alamel.fr\/index.php\/wp-json\/wp\/v2\/pages\/75","targetHints":{"allow":["GET"]}}],"collection":[{"href":"https:\/\/www.alamel.fr\/index.php\/wp-json\/wp\/v2\/pages"}],"about":[{"href":"https:\/\/www.alamel.fr\/index.php\/wp-json\/wp\/v2\/types\/page"}],"author":[{"embeddable":true,"href":"https:\/\/www.alamel.fr\/index.php\/wp-json\/wp\/v2\/users\/1"}],"replies":[{"embeddable":true,"href":"https:\/\/www.alamel.fr\/index.php\/wp-json\/wp\/v2\/comments?post=75"}],"version-history":[{"count":4,"href":"https:\/\/www.alamel.fr\/index.php\/wp-json\/wp\/v2\/pages\/75\/revisions"}],"predecessor-version":[{"id":254,"href":"https:\/\/www.alamel.fr\/index.php\/wp-json\/wp\/v2\/pages\/75\/revisions\/254"}],"up":[{"embeddable":true,"href":"https:\/\/www.alamel.fr\/index.php\/wp-json\/wp\/v2\/pages\/9"}],"wp:attachment":[{"href":"https:\/\/www.alamel.fr\/index.php\/wp-json\/wp\/v2\/media?parent=75"}],"curies":[{"name":"wp","href":"https:\/\/api.w.org\/{rel}","templated":true}]}}