{"id":73,"date":"2016-10-14T09:57:58","date_gmt":"2016-10-14T07:57:58","guid":{"rendered":"http:\/\/www.alamel.fr\/?page_id=73"},"modified":"2016-10-22T22:12:41","modified_gmt":"2016-10-22T20:12:41","slug":"la-classe-preparatoire","status":"publish","type":"page","link":"https:\/\/www.alamel.fr\/index.php\/les-cours\/la-classe-preparatoire\/","title":{"rendered":"La classe pr\u00e9paratoire"},"content":{"rendered":"<p>Avec ce premier niveau,\u00a0la familiarisation techniques d\u2019articulation et des sons de la langue arabe commence.\u00a0L&#8217;enfant est\u00a0initi\u00e9 \u00e0 l\u2019\u00e9criture arabe et d\u00e9veloppe des capacit\u00e9s gr\u00e2ce \u00e0 des exercices ludiques\u00a0: dessin, coloriage, d\u00e9coupage et imitation de formes.<\/p>\n<p><img loading=\"lazy\" decoding=\"async\" class=\"alignnone size-medium wp-image-99\" src=\"http:\/\/www.alamel.fr\/wp-content\/uploads\/2016\/10\/manuel-lecture-expression-et-exercices-niveau-preparatoire-300x300.jpg\" alt=\"manuel-lecture-expression-et-exercices-niveau-preparatoire\" width=\"300\" height=\"300\" srcset=\"https:\/\/www.alamel.fr\/wp-content\/uploads\/2016\/10\/manuel-lecture-expression-et-exercices-niveau-preparatoire-300x300.jpg 300w, https:\/\/www.alamel.fr\/wp-content\/uploads\/2016\/10\/manuel-lecture-expression-et-exercices-niveau-preparatoire-150x150.jpg 150w, https:\/\/www.alamel.fr\/wp-content\/uploads\/2016\/10\/manuel-lecture-expression-et-exercices-niveau-preparatoire.jpg 600w\" sizes=\"auto, (max-width: 300px) 100vw, 300px\" \/><\/p>\n<p>Vous pouvez cliquer ci-dessous pour avoir un aper\u00e7u des cours :<\/p>\n<figure id=\"attachment_222\" aria-describedby=\"caption-attachment-222\" style=\"width: 96px\" class=\"wp-caption alignleft\"><a href=\"http:\/\/www.alamel.fr\/wp-content\/uploads\/2016\/10\/Manuel-classe-pr\u00e9paratoire.pdf\"><img loading=\"lazy\" decoding=\"async\" class=\"wp-image-222\" src=\"http:\/\/www.alamel.fr\/wp-content\/uploads\/2016\/10\/icone-adobe-reader-150x150.png\" alt=\"Fiche d'inscription pour adultes\" width=\"96\" height=\"96\" srcset=\"https:\/\/www.alamel.fr\/wp-content\/uploads\/2016\/10\/icone-adobe-reader-150x150.png 150w, https:\/\/www.alamel.fr\/wp-content\/uploads\/2016\/10\/icone-adobe-reader-300x300.png 300w, https:\/\/www.alamel.fr\/wp-content\/uploads\/2016\/10\/icone-adobe-reader-270x270.png 270w, https:\/\/www.alamel.fr\/wp-content\/uploads\/2016\/10\/icone-adobe-reader.png 512w\" sizes=\"auto, (max-width: 96px) 100vw, 96px\" \/><\/a><figcaption id=\"caption-attachment-222\" class=\"wp-caption-text\">Manuel classe pr\u00e9paratoire\u00a0\u00a0\u00a0 \u00a0( Tahdiri )<\/figcaption><\/figure>\n<p>&nbsp;<\/p>\n<p>&nbsp;<\/p>\n<p>&nbsp;<\/p>\n<p>&nbsp;<\/p>\n<p>&nbsp;<\/p>\n<p>&nbsp;<\/p>\n<p>&nbsp;<\/p>\n","protected":false},"excerpt":{"rendered":"<p>Avec ce premier niveau,\u00a0la familiarisation techniques d\u2019articulation et des sons de la langue arabe commence.\u00a0L&#8217;enfant est\u00a0initi\u00e9 \u00e0 l\u2019\u00e9criture arabe et d\u00e9veloppe des capacit\u00e9s gr\u00e2ce \u00e0 des exercices ludiques\u00a0: dessin, coloriage, d\u00e9coupage et imitation de formes. Vous pouvez cliquer ci-dessous pour <a href=\"https:\/\/www.alamel.fr\/index.php\/les-cours\/la-classe-preparatoire\/\" class=\"read-more\">Read More &#8230;<\/a><\/p>\n","protected":false},"author":1,"featured_media":0,"parent":9,"menu_order":0,"comment_status":"closed","ping_status":"closed","template":"","meta":{"footnotes":""},"class_list":["post-73","page","type-page","status-publish","hentry"],"yoast_head":"<!-- This site is optimized with the Yoast SEO plugin v16.4 - https:\/\/yoast.com\/wordpress\/plugins\/seo\/ -->\n<title>La classe pr\u00e9paratoire | \u00c9cole Al Amel | \u0645\u062f\u0631\u0633\u0629 \u0627\u0644\u0623\u0645\u0644<\/title>\n<meta name=\"robots\" content=\"index, follow, max-snippet:-1, max-image-preview:large, max-video-preview:-1\" \/>\n<link rel=\"canonical\" href=\"https:\/\/www.alamel.fr\/index.php\/les-cours\/la-classe-preparatoire\/\" \/>\n<meta property=\"og:locale\" content=\"fr_FR\" \/>\n<meta property=\"og:type\" content=\"article\" \/>\n<meta property=\"og:title\" content=\"La classe pr\u00e9paratoire | \u00c9cole Al Amel | \u0645\u062f\u0631\u0633\u0629 \u0627\u0644\u0623\u0645\u0644\" \/>\n<meta property=\"og:description\" content=\"Avec ce premier niveau,\u00a0la familiarisation techniques d\u2019articulation et des sons de la langue arabe commence.\u00a0L&#8217;enfant est\u00a0initi\u00e9 \u00e0 l\u2019\u00e9criture arabe et d\u00e9veloppe des capacit\u00e9s gr\u00e2ce \u00e0 des exercices ludiques\u00a0: dessin, coloriage, d\u00e9coupage et imitation de formes. Vous pouvez cliquer ci-dessous pour Read More ...\" \/>\n<meta property=\"og:url\" content=\"https:\/\/www.alamel.fr\/index.php\/les-cours\/la-classe-preparatoire\/\" \/>\n<meta property=\"og:site_name\" content=\"\u00c9cole Al Amel | \u0645\u062f\u0631\u0633\u0629 \u0627\u0644\u0623\u0645\u0644\" \/>\n<meta property=\"article:modified_time\" content=\"2016-10-22T20:12:41+00:00\" \/>\n<meta property=\"og:image\" content=\"http:\/\/www.alamel.fr\/wp-content\/uploads\/2016\/10\/manuel-lecture-expression-et-exercices-niveau-preparatoire-300x300.jpg\" \/>\n<meta name=\"twitter:card\" content=\"summary\" \/>\n<script type=\"application\/ld+json\" class=\"yoast-schema-graph\">{\"@context\":\"https:\/\/schema.org\",\"@graph\":[{\"@type\":\"Organization\",\"@id\":\"https:\/\/www.alamel.fr\/#organization\",\"name\":\"Association Culturelle Islamique Cherbourg\",\"url\":\"https:\/\/www.alamel.fr\/\",\"sameAs\":[],\"logo\":{\"@type\":\"ImageObject\",\"@id\":\"https:\/\/www.alamel.fr\/#logo\",\"inLanguage\":\"fr-FR\",\"url\":\"https:\/\/www.alamel.fr\/wp-content\/uploads\/2016\/10\/cropped-cropped-logo-ecole-de-lespoir-3-1-1.jpg\",\"contentUrl\":\"https:\/\/www.alamel.fr\/wp-content\/uploads\/2016\/10\/cropped-cropped-logo-ecole-de-lespoir-3-1-1.jpg\",\"width\":512,\"height\":512,\"caption\":\"Association Culturelle Islamique Cherbourg\"},\"image\":{\"@id\":\"https:\/\/www.alamel.fr\/#logo\"}},{\"@type\":\"WebSite\",\"@id\":\"https:\/\/www.alamel.fr\/#website\",\"url\":\"https:\/\/www.alamel.fr\/\",\"name\":\"\\u00c9cole Al Amel | \\u0645\\u062f\\u0631\\u0633\\u0629 \\u0627\\u0644\\u0623\\u0645\\u0644\",\"description\":\"Parce que l&#039;Arabe est une fi\\u00e8rt\\u00e9...\",\"publisher\":{\"@id\":\"https:\/\/www.alamel.fr\/#organization\"},\"potentialAction\":[{\"@type\":\"SearchAction\",\"target\":\"https:\/\/www.alamel.fr\/?s={search_term_string}\",\"query-input\":\"required name=search_term_string\"}],\"inLanguage\":\"fr-FR\"},{\"@type\":\"ImageObject\",\"@id\":\"https:\/\/www.alamel.fr\/index.php\/les-cours\/la-classe-preparatoire\/#primaryimage\",\"inLanguage\":\"fr-FR\",\"url\":\"http:\/\/www.alamel.fr\/wp-content\/uploads\/2016\/10\/manuel-lecture-expression-et-exercices-niveau-preparatoire-300x300.jpg\",\"contentUrl\":\"http:\/\/www.alamel.fr\/wp-content\/uploads\/2016\/10\/manuel-lecture-expression-et-exercices-niveau-preparatoire-300x300.jpg\"},{\"@type\":\"WebPage\",\"@id\":\"https:\/\/www.alamel.fr\/index.php\/les-cours\/la-classe-preparatoire\/#webpage\",\"url\":\"https:\/\/www.alamel.fr\/index.php\/les-cours\/la-classe-preparatoire\/\",\"name\":\"La classe pr\\u00e9paratoire | \\u00c9cole Al Amel | \\u0645\\u062f\\u0631\\u0633\\u0629 \\u0627\\u0644\\u0623\\u0645\\u0644\",\"isPartOf\":{\"@id\":\"https:\/\/www.alamel.fr\/#website\"},\"primaryImageOfPage\":{\"@id\":\"https:\/\/www.alamel.fr\/index.php\/les-cours\/la-classe-preparatoire\/#primaryimage\"},\"datePublished\":\"2016-10-14T07:57:58+00:00\",\"dateModified\":\"2016-10-22T20:12:41+00:00\",\"breadcrumb\":{\"@id\":\"https:\/\/www.alamel.fr\/index.php\/les-cours\/la-classe-preparatoire\/#breadcrumb\"},\"inLanguage\":\"fr-FR\",\"potentialAction\":[{\"@type\":\"ReadAction\",\"target\":[\"https:\/\/www.alamel.fr\/index.php\/les-cours\/la-classe-preparatoire\/\"]}]},{\"@type\":\"BreadcrumbList\",\"@id\":\"https:\/\/www.alamel.fr\/index.php\/les-cours\/la-classe-preparatoire\/#breadcrumb\",\"itemListElement\":[{\"@type\":\"ListItem\",\"position\":1,\"item\":{\"@type\":\"WebPage\",\"@id\":\"https:\/\/www.alamel.fr\/\",\"url\":\"https:\/\/www.alamel.fr\/\",\"name\":\"Accueil\"}},{\"@type\":\"ListItem\",\"position\":2,\"item\":{\"@type\":\"WebPage\",\"@id\":\"https:\/\/www.alamel.fr\/index.php\/les-cours\/\",\"url\":\"https:\/\/www.alamel.fr\/index.php\/les-cours\/\",\"name\":\"Les cours\"}},{\"@type\":\"ListItem\",\"position\":3,\"item\":{\"@id\":\"https:\/\/www.alamel.fr\/index.php\/les-cours\/la-classe-preparatoire\/#webpage\"}}]}]}<\/script>\n<!-- \/ Yoast SEO plugin. -->","_links":{"self":[{"href":"https:\/\/www.alamel.fr\/index.php\/wp-json\/wp\/v2\/pages\/73","targetHints":{"allow":["GET"]}}],"collection":[{"href":"https:\/\/www.alamel.fr\/index.php\/wp-json\/wp\/v2\/pages"}],"about":[{"href":"https:\/\/www.alamel.fr\/index.php\/wp-json\/wp\/v2\/types\/page"}],"author":[{"embeddable":true,"href":"https:\/\/www.alamel.fr\/index.php\/wp-json\/wp\/v2\/users\/1"}],"replies":[{"embeddable":true,"href":"https:\/\/www.alamel.fr\/index.php\/wp-json\/wp\/v2\/comments?post=73"}],"version-history":[{"count":7,"href":"https:\/\/www.alamel.fr\/index.php\/wp-json\/wp\/v2\/pages\/73\/revisions"}],"predecessor-version":[{"id":252,"href":"https:\/\/www.alamel.fr\/index.php\/wp-json\/wp\/v2\/pages\/73\/revisions\/252"}],"up":[{"embeddable":true,"href":"https:\/\/www.alamel.fr\/index.php\/wp-json\/wp\/v2\/pages\/9"}],"wp:attachment":[{"href":"https:\/\/www.alamel.fr\/index.php\/wp-json\/wp\/v2\/media?parent=73"}],"curies":[{"name":"wp","href":"https:\/\/api.w.org\/{rel}","templated":true}]}}