{"id":6,"date":"2016-10-10T18:30:49","date_gmt":"2016-10-10T16:30:49","guid":{"rendered":"http:\/\/www.alamel.fr\/?page_id=6"},"modified":"2016-10-17T16:29:29","modified_gmt":"2016-10-17T14:29:29","slug":"lecole","status":"publish","type":"page","link":"https:\/\/www.alamel.fr\/index.php\/lecole\/","title":{"rendered":"L&#8217;\u00e9cole"},"content":{"rendered":"<p>Alamel (l&#8217;espoir en fran\u00e7ais)\u00a0est tout simplement\u00a0l&#8217;ancien p\u00f4le\u00a0d&#8217;enseignement de la langue Arabe de l&#8217;association culturelle islamique qui g\u00e8re la mosqu\u00e9e de Cherbourg (ACI).<\/p>\n<p>L&#8217;ACI est active depuis plus de 30 ans dans le domaine associative et soucieuse d&#8217;enseigner aux plus jeunes la bases de la langue Arabe, son \u00e9cole Alamel est n\u00e9e d&#8217;une id\u00e9e, un espoir de donner \u00e0 nos jeunes la chance de lire et parler cette belle langue.<\/p>\n<p>L&#8217;ambition des uns a \u00e9t\u00e9 suivie par l&#8217;engagement des autres, ainsi, des enseignantes et des enseignants\u00a0dipl\u00f4m\u00e9s en langue Arabe nous en rejoint pour donner un sens \u00e0 notre but.<\/p>\n<p>Aujourd&#8217;hui, nous continuons \u00e0 \u00e9voluer avec la cr\u00e9ation d&#8217;un niveau sup\u00e9rieur en Arabe chaque ann\u00e9e, d&#8217;adapter notre structure pour r\u00e9pondre au mieux aux besoins des enfants, l&#8217;amour de cette langue est notre conviction \u00e0 tous.<\/p>\n<p>L&#8217;organigramme de notre \u00e9cole pour l&#8217;ann\u00e9e scolaire 2016-2017 est le suivant :<\/p>\n<p><img loading=\"lazy\" decoding=\"async\" class=\"aligncenter size-full wp-image-186\" src=\"http:\/\/www.alamel.fr\/wp-content\/uploads\/2016\/10\/Organnigramme-\u00e9cole-Alamel-bis-3.jpg\" alt=\"organnigramme-ecole-alamel-bis\" width=\"3307\" height=\"1438\" srcset=\"https:\/\/www.alamel.fr\/wp-content\/uploads\/2016\/10\/Organnigramme-\u00e9cole-Alamel-bis-3.jpg 3307w, https:\/\/www.alamel.fr\/wp-content\/uploads\/2016\/10\/Organnigramme-\u00e9cole-Alamel-bis-3-300x130.jpg 300w, https:\/\/www.alamel.fr\/wp-content\/uploads\/2016\/10\/Organnigramme-\u00e9cole-Alamel-bis-3-768x334.jpg 768w, https:\/\/www.alamel.fr\/wp-content\/uploads\/2016\/10\/Organnigramme-\u00e9cole-Alamel-bis-3-1024x445.jpg 1024w, https:\/\/www.alamel.fr\/wp-content\/uploads\/2016\/10\/Organnigramme-\u00e9cole-Alamel-bis-3-360x157.jpg 360w\" sizes=\"auto, (max-width: 3307px) 100vw, 3307px\" \/><\/p>\n<p>&nbsp;<\/p>\n<p>Alamel n&#8217;oublie pas les adultes non plus, cette ann\u00e9e nous proposons des cours pour les femmes et hommes dans une nouvelle p\u00e9dagogie qui prone la semi-\u00e9mersion en classe pour aider\u00a0les \u00e9l\u00e8ves \u00e0 apprendre sans les mettre en \u00e9chec !<\/p>\n<p>Notre r\u00e9ussite est la votre, nous implorons Allah que cette \u00e9cole soit b\u00e9nie et apporte une grande satisfaction aux parents, enfants et adultes.<\/p>\n<p>&nbsp;<\/p>\n<p>L&#8217;\u00e9quipe Alamel<\/p>\n<p>&nbsp;<\/p>\n<p>&nbsp;<\/p>\n<p>&nbsp;<\/p>\n<p>&nbsp;<\/p>\n<p>&nbsp;<\/p>\n<p>&nbsp;<\/p>\n","protected":false},"excerpt":{"rendered":"<p>Alamel (l&#8217;espoir en fran\u00e7ais)\u00a0est tout simplement\u00a0l&#8217;ancien p\u00f4le\u00a0d&#8217;enseignement de la langue Arabe de l&#8217;association culturelle islamique qui g\u00e8re la mosqu\u00e9e de Cherbourg (ACI). L&#8217;ACI est active depuis plus de 30 ans dans le domaine associative et soucieuse d&#8217;enseigner aux plus jeunes <a href=\"https:\/\/www.alamel.fr\/index.php\/lecole\/\" class=\"read-more\">Read More &#8230;<\/a><\/p>\n","protected":false},"author":1,"featured_media":0,"parent":0,"menu_order":0,"comment_status":"closed","ping_status":"closed","template":"","meta":{"footnotes":""},"class_list":["post-6","page","type-page","status-publish","hentry"],"yoast_head":"<!-- This site is optimized with the Yoast SEO plugin v16.4 - https:\/\/yoast.com\/wordpress\/plugins\/seo\/ -->\n<title>L&#039;\u00e9cole | \u00c9cole Al Amel | \u0645\u062f\u0631\u0633\u0629 \u0627\u0644\u0623\u0645\u0644<\/title>\n<meta name=\"robots\" content=\"index, follow, max-snippet:-1, max-image-preview:large, max-video-preview:-1\" \/>\n<link rel=\"canonical\" href=\"https:\/\/www.alamel.fr\/index.php\/lecole\/\" \/>\n<meta property=\"og:locale\" content=\"fr_FR\" \/>\n<meta property=\"og:type\" content=\"article\" \/>\n<meta property=\"og:title\" content=\"L&#039;\u00e9cole | \u00c9cole Al Amel | \u0645\u062f\u0631\u0633\u0629 \u0627\u0644\u0623\u0645\u0644\" \/>\n<meta property=\"og:description\" content=\"Alamel (l&#8217;espoir en fran\u00e7ais)\u00a0est tout simplement\u00a0l&#8217;ancien p\u00f4le\u00a0d&#8217;enseignement de la langue Arabe de l&#8217;association culturelle islamique qui g\u00e8re la mosqu\u00e9e de Cherbourg (ACI). L&#8217;ACI est active depuis plus de 30 ans dans le domaine associative et soucieuse d&#8217;enseigner aux plus jeunes Read More ...\" \/>\n<meta property=\"og:url\" content=\"https:\/\/www.alamel.fr\/index.php\/lecole\/\" \/>\n<meta property=\"og:site_name\" content=\"\u00c9cole Al Amel | \u0645\u062f\u0631\u0633\u0629 \u0627\u0644\u0623\u0645\u0644\" \/>\n<meta property=\"article:modified_time\" content=\"2016-10-17T14:29:29+00:00\" \/>\n<meta property=\"og:image\" content=\"http:\/\/www.alamel.fr\/wp-content\/uploads\/2016\/10\/Organnigramme-\u00e9cole-Alamel-bis-3.jpg\" \/>\n<meta name=\"twitter:card\" content=\"summary\" \/>\n<meta name=\"twitter:label1\" content=\"Dur\u00e9e de lecture est.\" \/>\n\t<meta name=\"twitter:data1\" content=\"1 minute\" \/>\n<script type=\"application\/ld+json\" class=\"yoast-schema-graph\">{\"@context\":\"https:\/\/schema.org\",\"@graph\":[{\"@type\":\"Organization\",\"@id\":\"https:\/\/www.alamel.fr\/#organization\",\"name\":\"Association Culturelle Islamique Cherbourg\",\"url\":\"https:\/\/www.alamel.fr\/\",\"sameAs\":[],\"logo\":{\"@type\":\"ImageObject\",\"@id\":\"https:\/\/www.alamel.fr\/#logo\",\"inLanguage\":\"fr-FR\",\"url\":\"https:\/\/www.alamel.fr\/wp-content\/uploads\/2016\/10\/cropped-cropped-logo-ecole-de-lespoir-3-1-1.jpg\",\"contentUrl\":\"https:\/\/www.alamel.fr\/wp-content\/uploads\/2016\/10\/cropped-cropped-logo-ecole-de-lespoir-3-1-1.jpg\",\"width\":512,\"height\":512,\"caption\":\"Association Culturelle Islamique Cherbourg\"},\"image\":{\"@id\":\"https:\/\/www.alamel.fr\/#logo\"}},{\"@type\":\"WebSite\",\"@id\":\"https:\/\/www.alamel.fr\/#website\",\"url\":\"https:\/\/www.alamel.fr\/\",\"name\":\"\\u00c9cole Al Amel | \\u0645\\u062f\\u0631\\u0633\\u0629 \\u0627\\u0644\\u0623\\u0645\\u0644\",\"description\":\"Parce que l&#039;Arabe est une fi\\u00e8rt\\u00e9...\",\"publisher\":{\"@id\":\"https:\/\/www.alamel.fr\/#organization\"},\"potentialAction\":[{\"@type\":\"SearchAction\",\"target\":\"https:\/\/www.alamel.fr\/?s={search_term_string}\",\"query-input\":\"required name=search_term_string\"}],\"inLanguage\":\"fr-FR\"},{\"@type\":\"ImageObject\",\"@id\":\"https:\/\/www.alamel.fr\/index.php\/lecole\/#primaryimage\",\"inLanguage\":\"fr-FR\",\"url\":\"http:\/\/www.alamel.fr\/wp-content\/uploads\/2016\/10\/Organnigramme-\\u00e9cole-Alamel-bis-3.jpg\",\"contentUrl\":\"http:\/\/www.alamel.fr\/wp-content\/uploads\/2016\/10\/Organnigramme-\\u00e9cole-Alamel-bis-3.jpg\"},{\"@type\":\"WebPage\",\"@id\":\"https:\/\/www.alamel.fr\/index.php\/lecole\/#webpage\",\"url\":\"https:\/\/www.alamel.fr\/index.php\/lecole\/\",\"name\":\"L'\\u00e9cole | \\u00c9cole Al Amel | \\u0645\\u062f\\u0631\\u0633\\u0629 \\u0627\\u0644\\u0623\\u0645\\u0644\",\"isPartOf\":{\"@id\":\"https:\/\/www.alamel.fr\/#website\"},\"primaryImageOfPage\":{\"@id\":\"https:\/\/www.alamel.fr\/index.php\/lecole\/#primaryimage\"},\"datePublished\":\"2016-10-10T16:30:49+00:00\",\"dateModified\":\"2016-10-17T14:29:29+00:00\",\"breadcrumb\":{\"@id\":\"https:\/\/www.alamel.fr\/index.php\/lecole\/#breadcrumb\"},\"inLanguage\":\"fr-FR\",\"potentialAction\":[{\"@type\":\"ReadAction\",\"target\":[\"https:\/\/www.alamel.fr\/index.php\/lecole\/\"]}]},{\"@type\":\"BreadcrumbList\",\"@id\":\"https:\/\/www.alamel.fr\/index.php\/lecole\/#breadcrumb\",\"itemListElement\":[{\"@type\":\"ListItem\",\"position\":1,\"item\":{\"@type\":\"WebPage\",\"@id\":\"https:\/\/www.alamel.fr\/\",\"url\":\"https:\/\/www.alamel.fr\/\",\"name\":\"Accueil\"}},{\"@type\":\"ListItem\",\"position\":2,\"item\":{\"@id\":\"https:\/\/www.alamel.fr\/index.php\/lecole\/#webpage\"}}]}]}<\/script>\n<!-- \/ Yoast SEO plugin. -->","_links":{"self":[{"href":"https:\/\/www.alamel.fr\/index.php\/wp-json\/wp\/v2\/pages\/6","targetHints":{"allow":["GET"]}}],"collection":[{"href":"https:\/\/www.alamel.fr\/index.php\/wp-json\/wp\/v2\/pages"}],"about":[{"href":"https:\/\/www.alamel.fr\/index.php\/wp-json\/wp\/v2\/types\/page"}],"author":[{"embeddable":true,"href":"https:\/\/www.alamel.fr\/index.php\/wp-json\/wp\/v2\/users\/1"}],"replies":[{"embeddable":true,"href":"https:\/\/www.alamel.fr\/index.php\/wp-json\/wp\/v2\/comments?post=6"}],"version-history":[{"count":20,"href":"https:\/\/www.alamel.fr\/index.php\/wp-json\/wp\/v2\/pages\/6\/revisions"}],"predecessor-version":[{"id":193,"href":"https:\/\/www.alamel.fr\/index.php\/wp-json\/wp\/v2\/pages\/6\/revisions\/193"}],"wp:attachment":[{"href":"https:\/\/www.alamel.fr\/index.php\/wp-json\/wp\/v2\/media?parent=6"}],"curies":[{"name":"wp","href":"https:\/\/api.w.org\/{rel}","templated":true}]}}