{"id":328,"date":"2017-10-22T12:04:07","date_gmt":"2017-10-22T10:04:07","guid":{"rendered":"http:\/\/www.alamel.fr\/?page_id=328"},"modified":"2017-10-22T12:29:42","modified_gmt":"2017-10-22T10:29:42","slug":"arabe-niveau-3","status":"publish","type":"page","link":"https:\/\/www.alamel.fr\/index.php\/les-cours\/enfants\/arabe-niveau-3\/","title":{"rendered":"Arabe : Niveau 3"},"content":{"rendered":"<h1>Manuel Lecture, Expression et Exercices, niveau B1<\/h1>\n<div id=\"short_description_block\">\n<div id=\"short_description_content\" class=\"rte align_justify\">\n<p><strong><em>Lire et formuler des phrases<\/em><\/strong><\/p>\n<h4>L\u2019apprentissage, c\u2019est comme un jeu de construction.<\/h4>\n<h4>Tu consolides les enseignements des ann\u00e9es pr\u00e9c\u00e9dentes en apprenant \u00e0 ma\u00eetriser davantage tes capacit\u00e9s de lecture \u00a0: articulation, phon\u00e9tique, respect des r\u00e8gles de liaison et de distinction entre les sons et les mots&#8230;\u00a0les\u00a0exercices suppl\u00e9mentaires renforcerons ta maitrise de la langue.<\/h4>\n<p>&nbsp;<\/p>\n<p><a href=\"http:\/\/www.alamel.fr\/wp-content\/uploads\/2017\/10\/manuel-lecture-expression-et-exercices-niveau-3.jpg\"><img loading=\"lazy\" decoding=\"async\" class=\"alignleft wp-image-336\" src=\"http:\/\/www.alamel.fr\/wp-content\/uploads\/2017\/10\/manuel-lecture-expression-et-exercices-niveau-3.jpg\" alt=\"\" width=\"268\" height=\"268\" srcset=\"https:\/\/www.alamel.fr\/wp-content\/uploads\/2017\/10\/manuel-lecture-expression-et-exercices-niveau-3.jpg 600w, https:\/\/www.alamel.fr\/wp-content\/uploads\/2017\/10\/manuel-lecture-expression-et-exercices-niveau-3-150x150.jpg 150w, https:\/\/www.alamel.fr\/wp-content\/uploads\/2017\/10\/manuel-lecture-expression-et-exercices-niveau-3-300x300.jpg 300w, https:\/\/www.alamel.fr\/wp-content\/uploads\/2017\/10\/manuel-lecture-expression-et-exercices-niveau-3-270x270.jpg 270w\" sizes=\"auto, (max-width: 268px) 100vw, 268px\" \/><\/a><\/p>\n<p>&nbsp;<\/p>\n<p>&nbsp;<\/p>\n<p>&nbsp;<\/p>\n<p>&nbsp;<\/p>\n<p>&nbsp;<\/p>\n<\/div>\n<\/div>\n<p>&nbsp;<\/p>\n<p>&nbsp;<\/p>\n<p>Ci-dessous, un aper\u00e7u du manuel :<\/p>\n<div id=\"short_description_block\">\n<div id=\"short_description_content\" class=\"rte align_justify\">\n<p>&nbsp;<\/p>\n<p><a href=\"http:\/\/www.alamel.fr\/wp-content\/uploads\/2017\/10\/AF3.pdf\"><img loading=\"lazy\" decoding=\"async\" class=\"alignleft wp-image-222 \" title=\"http:\/\/www.alamel.fr\/wp-content\/uploads\/2017\/10\/AF3.pdf\" src=\"http:\/\/www.alamel.fr\/wp-content\/uploads\/2016\/10\/icone-adobe-reader-150x150.png\" alt=\"\" width=\"111\" height=\"111\" srcset=\"https:\/\/www.alamel.fr\/wp-content\/uploads\/2016\/10\/icone-adobe-reader-150x150.png 150w, https:\/\/www.alamel.fr\/wp-content\/uploads\/2016\/10\/icone-adobe-reader-300x300.png 300w, https:\/\/www.alamel.fr\/wp-content\/uploads\/2016\/10\/icone-adobe-reader-270x270.png 270w, https:\/\/www.alamel.fr\/wp-content\/uploads\/2016\/10\/icone-adobe-reader.png 512w\" sizes=\"auto, (max-width: 111px) 100vw, 111px\" \/><\/a><\/p>\n<p>&nbsp;<\/p>\n<\/div>\n<\/div>\n","protected":false},"excerpt":{"rendered":"<p>Manuel Lecture, Expression et Exercices, niveau B1 Lire et formuler des phrases L\u2019apprentissage, c\u2019est comme un jeu de construction. Tu consolides les enseignements des ann\u00e9es pr\u00e9c\u00e9dentes en apprenant \u00e0 ma\u00eetriser davantage tes capacit\u00e9s de lecture \u00a0: articulation, phon\u00e9tique, respect des <a href=\"https:\/\/www.alamel.fr\/index.php\/les-cours\/enfants\/arabe-niveau-3\/\" class=\"read-more\">Read More &#8230;<\/a><\/p>\n","protected":false},"author":1,"featured_media":0,"parent":118,"menu_order":3,"comment_status":"closed","ping_status":"closed","template":"","meta":{"footnotes":""},"class_list":["post-328","page","type-page","status-publish","hentry"],"yoast_head":"<!-- This site is optimized with the Yoast SEO plugin v16.4 - https:\/\/yoast.com\/wordpress\/plugins\/seo\/ -->\n<title>Arabe : Niveau 3 | \u00c9cole Al Amel | \u0645\u062f\u0631\u0633\u0629 \u0627\u0644\u0623\u0645\u0644<\/title>\n<meta name=\"robots\" content=\"index, follow, max-snippet:-1, max-image-preview:large, max-video-preview:-1\" \/>\n<link rel=\"canonical\" href=\"https:\/\/www.alamel.fr\/index.php\/les-cours\/enfants\/arabe-niveau-3\/\" \/>\n<meta property=\"og:locale\" content=\"fr_FR\" \/>\n<meta property=\"og:type\" content=\"article\" \/>\n<meta property=\"og:title\" content=\"Arabe : Niveau 3 | \u00c9cole Al Amel | \u0645\u062f\u0631\u0633\u0629 \u0627\u0644\u0623\u0645\u0644\" \/>\n<meta property=\"og:description\" content=\"Manuel Lecture, Expression et Exercices, niveau B1 Lire et formuler des phrases L\u2019apprentissage, c\u2019est comme un jeu de construction. Tu consolides les enseignements des ann\u00e9es pr\u00e9c\u00e9dentes en apprenant \u00e0 ma\u00eetriser davantage tes capacit\u00e9s de lecture \u00a0: articulation, phon\u00e9tique, respect des Read More ...\" \/>\n<meta property=\"og:url\" content=\"https:\/\/www.alamel.fr\/index.php\/les-cours\/enfants\/arabe-niveau-3\/\" \/>\n<meta property=\"og:site_name\" content=\"\u00c9cole Al Amel | \u0645\u062f\u0631\u0633\u0629 \u0627\u0644\u0623\u0645\u0644\" \/>\n<meta property=\"article:modified_time\" content=\"2017-10-22T10:29:42+00:00\" \/>\n<meta property=\"og:image\" content=\"http:\/\/www.alamel.fr\/wp-content\/uploads\/2017\/10\/manuel-lecture-expression-et-exercices-niveau-3.jpg\" \/>\n<meta name=\"twitter:card\" content=\"summary\" \/>\n<script type=\"application\/ld+json\" class=\"yoast-schema-graph\">{\"@context\":\"https:\/\/schema.org\",\"@graph\":[{\"@type\":\"Organization\",\"@id\":\"https:\/\/www.alamel.fr\/#organization\",\"name\":\"Association Culturelle Islamique Cherbourg\",\"url\":\"https:\/\/www.alamel.fr\/\",\"sameAs\":[],\"logo\":{\"@type\":\"ImageObject\",\"@id\":\"https:\/\/www.alamel.fr\/#logo\",\"inLanguage\":\"fr-FR\",\"url\":\"https:\/\/www.alamel.fr\/wp-content\/uploads\/2016\/10\/cropped-cropped-logo-ecole-de-lespoir-3-1-1.jpg\",\"contentUrl\":\"https:\/\/www.alamel.fr\/wp-content\/uploads\/2016\/10\/cropped-cropped-logo-ecole-de-lespoir-3-1-1.jpg\",\"width\":512,\"height\":512,\"caption\":\"Association Culturelle Islamique Cherbourg\"},\"image\":{\"@id\":\"https:\/\/www.alamel.fr\/#logo\"}},{\"@type\":\"WebSite\",\"@id\":\"https:\/\/www.alamel.fr\/#website\",\"url\":\"https:\/\/www.alamel.fr\/\",\"name\":\"\\u00c9cole Al Amel | \\u0645\\u062f\\u0631\\u0633\\u0629 \\u0627\\u0644\\u0623\\u0645\\u0644\",\"description\":\"Parce que l&#039;Arabe est une fi\\u00e8rt\\u00e9...\",\"publisher\":{\"@id\":\"https:\/\/www.alamel.fr\/#organization\"},\"potentialAction\":[{\"@type\":\"SearchAction\",\"target\":\"https:\/\/www.alamel.fr\/?s={search_term_string}\",\"query-input\":\"required name=search_term_string\"}],\"inLanguage\":\"fr-FR\"},{\"@type\":\"ImageObject\",\"@id\":\"https:\/\/www.alamel.fr\/index.php\/les-cours\/enfants\/arabe-niveau-3\/#primaryimage\",\"inLanguage\":\"fr-FR\",\"url\":\"http:\/\/www.alamel.fr\/wp-content\/uploads\/2017\/10\/manuel-lecture-expression-et-exercices-niveau-3.jpg\",\"contentUrl\":\"http:\/\/www.alamel.fr\/wp-content\/uploads\/2017\/10\/manuel-lecture-expression-et-exercices-niveau-3.jpg\"},{\"@type\":\"WebPage\",\"@id\":\"https:\/\/www.alamel.fr\/index.php\/les-cours\/enfants\/arabe-niveau-3\/#webpage\",\"url\":\"https:\/\/www.alamel.fr\/index.php\/les-cours\/enfants\/arabe-niveau-3\/\",\"name\":\"Arabe : Niveau 3 | \\u00c9cole Al Amel | \\u0645\\u062f\\u0631\\u0633\\u0629 \\u0627\\u0644\\u0623\\u0645\\u0644\",\"isPartOf\":{\"@id\":\"https:\/\/www.alamel.fr\/#website\"},\"primaryImageOfPage\":{\"@id\":\"https:\/\/www.alamel.fr\/index.php\/les-cours\/enfants\/arabe-niveau-3\/#primaryimage\"},\"datePublished\":\"2017-10-22T10:04:07+00:00\",\"dateModified\":\"2017-10-22T10:29:42+00:00\",\"breadcrumb\":{\"@id\":\"https:\/\/www.alamel.fr\/index.php\/les-cours\/enfants\/arabe-niveau-3\/#breadcrumb\"},\"inLanguage\":\"fr-FR\",\"potentialAction\":[{\"@type\":\"ReadAction\",\"target\":[\"https:\/\/www.alamel.fr\/index.php\/les-cours\/enfants\/arabe-niveau-3\/\"]}]},{\"@type\":\"BreadcrumbList\",\"@id\":\"https:\/\/www.alamel.fr\/index.php\/les-cours\/enfants\/arabe-niveau-3\/#breadcrumb\",\"itemListElement\":[{\"@type\":\"ListItem\",\"position\":1,\"item\":{\"@type\":\"WebPage\",\"@id\":\"https:\/\/www.alamel.fr\/\",\"url\":\"https:\/\/www.alamel.fr\/\",\"name\":\"Accueil\"}},{\"@type\":\"ListItem\",\"position\":2,\"item\":{\"@type\":\"WebPage\",\"@id\":\"https:\/\/www.alamel.fr\/index.php\/les-cours\/\",\"url\":\"https:\/\/www.alamel.fr\/index.php\/les-cours\/\",\"name\":\"Les cours\"}},{\"@type\":\"ListItem\",\"position\":3,\"item\":{\"@type\":\"WebPage\",\"@id\":\"https:\/\/www.alamel.fr\/index.php\/les-cours\/enfants\/\",\"url\":\"https:\/\/www.alamel.fr\/index.php\/les-cours\/enfants\/\",\"name\":\"Enfants\"}},{\"@type\":\"ListItem\",\"position\":4,\"item\":{\"@id\":\"https:\/\/www.alamel.fr\/index.php\/les-cours\/enfants\/arabe-niveau-3\/#webpage\"}}]}]}<\/script>\n<!-- \/ Yoast SEO plugin. -->","_links":{"self":[{"href":"https:\/\/www.alamel.fr\/index.php\/wp-json\/wp\/v2\/pages\/328","targetHints":{"allow":["GET"]}}],"collection":[{"href":"https:\/\/www.alamel.fr\/index.php\/wp-json\/wp\/v2\/pages"}],"about":[{"href":"https:\/\/www.alamel.fr\/index.php\/wp-json\/wp\/v2\/types\/page"}],"author":[{"embeddable":true,"href":"https:\/\/www.alamel.fr\/index.php\/wp-json\/wp\/v2\/users\/1"}],"replies":[{"embeddable":true,"href":"https:\/\/www.alamel.fr\/index.php\/wp-json\/wp\/v2\/comments?post=328"}],"version-history":[{"count":8,"href":"https:\/\/www.alamel.fr\/index.php\/wp-json\/wp\/v2\/pages\/328\/revisions"}],"predecessor-version":[{"id":340,"href":"https:\/\/www.alamel.fr\/index.php\/wp-json\/wp\/v2\/pages\/328\/revisions\/340"}],"up":[{"embeddable":true,"href":"https:\/\/www.alamel.fr\/index.php\/wp-json\/wp\/v2\/pages\/118"}],"wp:attachment":[{"href":"https:\/\/www.alamel.fr\/index.php\/wp-json\/wp\/v2\/media?parent=328"}],"curies":[{"name":"wp","href":"https:\/\/api.w.org\/{rel}","templated":true}]}}