{"id":266,"date":"2016-12-04T17:03:26","date_gmt":"2016-12-04T16:03:26","guid":{"rendered":"http:\/\/www.alamel.fr\/?page_id=266"},"modified":"2020-10-21T11:38:09","modified_gmt":"2020-10-21T09:38:09","slug":"liens-utiles","status":"publish","type":"page","link":"https:\/\/www.alamel.fr\/index.php\/liens-utiles\/","title":{"rendered":"Liens utiles"},"content":{"rendered":"<p>Dans cette section, je vous indique quelques sites qui peuvent vous aider dans l&#8217;apprentissage de l&#8217;arabe \u00e0 vos enfants :<\/p>\n<p>1.Pour lire, dessiner, jouer et \u00e9couter :<\/p>\n<p><span style=\"color: #ff6600;\"><a style=\"color: #ff6600;\" href=\"http:\/\/3asafeer.com\/\">http:\/\/3asafeer.com\/<\/a><\/span><\/p>\n<p>2. Pour les jeunes mamans :<\/p>\n<p><span style=\"color: #ff6600;\"><a style=\"color: #ff6600;\" href=\"http:\/\/www.4newmum.com\/ar\/books\/story1.html\">http:\/\/www.4newmum.com\/ar\/books\/story1.html<\/a><\/span><\/p>\n<p>3.Des livres audio en arabe (comtes, histoires, pour d\u00e9velopper l&#8217;oreille chez l&#8217;enfant) :<\/p>\n<p><span style=\"color: #ff6600;\"><a style=\"color: #ff6600;\" href=\"http:\/\/www.masmoo3.com\/\">http:\/\/www.masmoo3.com\/<\/a><\/span><\/p>\n<p>4. <span style=\"color: #ff0000;\"><strong>Nouveaut\u00e9 :<\/strong><\/span><\/p>\n<p>Plus de 700 exercices, des feuilles \u00e0 imprimer ou \u00e0 faire sur le site, il est tr\u00e8s complet :<\/p>\n<p><span style=\"color: #ff6600;\"><a style=\"color: #ff6600;\" href=\"http:\/\/www.alef-ba-ta.com\/worksheets\">http:\/\/www.alef-ba-ta.com\/worksheets<\/a><\/span><\/p>\n<p>5. Site de langue Arabe pour enfants extr\u00eamement riche :<\/p>\n<p><span style=\"color: #ff00ff;\"><a style=\"color: #ff00ff;\" href=\"http:\/\/kids.almo7eb.com\/m7b-356.html\">http:\/\/kids.almo7eb.com\/m7b-356.html<\/a><\/span><\/p>\n<p>Vous y trouverez :<\/p>\n<ul>\n<li>Des histoires<\/li>\n<li>Anachids<\/li>\n<li>Images et photos<\/li>\n<li>Jeux<\/li>\n<li>Vid\u00e9os<\/li>\n<li>S\u00e9ries<\/li>\n<li>Films<\/li>\n<li>Applications<\/li>\n<li>&#8230;et plus encore<\/li>\n<\/ul>\n<p>Nous vous conseillons \u00e9galement de prendre des cours en ligne, beaucoup d&#8217;instituts proposent des cours de qualit\u00e9.<\/p>\n<p>Seule la pratique r\u00e9guli\u00e8re donne des r\u00e9sultats significatifs.<\/p>\n","protected":false},"excerpt":{"rendered":"<p>Dans cette section, je vous indique quelques sites qui peuvent vous aider dans l&#8217;apprentissage de l&#8217;arabe \u00e0 vos enfants : 1.Pour lire, dessiner, jouer et \u00e9couter : http:\/\/3asafeer.com\/ 2. Pour les jeunes mamans : http:\/\/www.4newmum.com\/ar\/books\/story1.html 3.Des livres audio en arabe <a href=\"https:\/\/www.alamel.fr\/index.php\/liens-utiles\/\" class=\"read-more\">Read More &#8230;<\/a><\/p>\n","protected":false},"author":1,"featured_media":0,"parent":0,"menu_order":0,"comment_status":"closed","ping_status":"closed","template":"","meta":{"footnotes":""},"class_list":["post-266","page","type-page","status-publish","hentry"],"yoast_head":"<!-- This site is optimized with the Yoast SEO plugin v16.4 - https:\/\/yoast.com\/wordpress\/plugins\/seo\/ -->\n<title>Liens utiles | \u00c9cole Al Amel | \u0645\u062f\u0631\u0633\u0629 \u0627\u0644\u0623\u0645\u0644<\/title>\n<meta name=\"robots\" content=\"index, follow, max-snippet:-1, max-image-preview:large, max-video-preview:-1\" \/>\n<link rel=\"canonical\" href=\"https:\/\/www.alamel.fr\/index.php\/liens-utiles\/\" \/>\n<meta property=\"og:locale\" content=\"fr_FR\" \/>\n<meta property=\"og:type\" content=\"article\" \/>\n<meta property=\"og:title\" content=\"Liens utiles | \u00c9cole Al Amel | \u0645\u062f\u0631\u0633\u0629 \u0627\u0644\u0623\u0645\u0644\" \/>\n<meta property=\"og:description\" content=\"Dans cette section, je vous indique quelques sites qui peuvent vous aider dans l&#8217;apprentissage de l&#8217;arabe \u00e0 vos enfants : 1.Pour lire, dessiner, jouer et \u00e9couter : http:\/\/3asafeer.com\/ 2. Pour les jeunes mamans : http:\/\/www.4newmum.com\/ar\/books\/story1.html 3.Des livres audio en arabe Read More ...\" \/>\n<meta property=\"og:url\" content=\"https:\/\/www.alamel.fr\/index.php\/liens-utiles\/\" \/>\n<meta property=\"og:site_name\" content=\"\u00c9cole Al Amel | \u0645\u062f\u0631\u0633\u0629 \u0627\u0644\u0623\u0645\u0644\" \/>\n<meta property=\"article:modified_time\" content=\"2020-10-21T09:38:09+00:00\" \/>\n<meta name=\"twitter:card\" content=\"summary\" \/>\n<meta name=\"twitter:label1\" content=\"Dur\u00e9e de lecture est.\" \/>\n\t<meta name=\"twitter:data1\" content=\"1 minute\" \/>\n<script type=\"application\/ld+json\" class=\"yoast-schema-graph\">{\"@context\":\"https:\/\/schema.org\",\"@graph\":[{\"@type\":\"Organization\",\"@id\":\"https:\/\/www.alamel.fr\/#organization\",\"name\":\"Association Culturelle Islamique Cherbourg\",\"url\":\"https:\/\/www.alamel.fr\/\",\"sameAs\":[],\"logo\":{\"@type\":\"ImageObject\",\"@id\":\"https:\/\/www.alamel.fr\/#logo\",\"inLanguage\":\"fr-FR\",\"url\":\"https:\/\/www.alamel.fr\/wp-content\/uploads\/2016\/10\/cropped-cropped-logo-ecole-de-lespoir-3-1-1.jpg\",\"contentUrl\":\"https:\/\/www.alamel.fr\/wp-content\/uploads\/2016\/10\/cropped-cropped-logo-ecole-de-lespoir-3-1-1.jpg\",\"width\":512,\"height\":512,\"caption\":\"Association Culturelle Islamique Cherbourg\"},\"image\":{\"@id\":\"https:\/\/www.alamel.fr\/#logo\"}},{\"@type\":\"WebSite\",\"@id\":\"https:\/\/www.alamel.fr\/#website\",\"url\":\"https:\/\/www.alamel.fr\/\",\"name\":\"\\u00c9cole Al Amel | \\u0645\\u062f\\u0631\\u0633\\u0629 \\u0627\\u0644\\u0623\\u0645\\u0644\",\"description\":\"Parce que l&#039;Arabe est une fi\\u00e8rt\\u00e9...\",\"publisher\":{\"@id\":\"https:\/\/www.alamel.fr\/#organization\"},\"potentialAction\":[{\"@type\":\"SearchAction\",\"target\":\"https:\/\/www.alamel.fr\/?s={search_term_string}\",\"query-input\":\"required name=search_term_string\"}],\"inLanguage\":\"fr-FR\"},{\"@type\":\"WebPage\",\"@id\":\"https:\/\/www.alamel.fr\/index.php\/liens-utiles\/#webpage\",\"url\":\"https:\/\/www.alamel.fr\/index.php\/liens-utiles\/\",\"name\":\"Liens utiles | \\u00c9cole Al Amel | \\u0645\\u062f\\u0631\\u0633\\u0629 \\u0627\\u0644\\u0623\\u0645\\u0644\",\"isPartOf\":{\"@id\":\"https:\/\/www.alamel.fr\/#website\"},\"datePublished\":\"2016-12-04T16:03:26+00:00\",\"dateModified\":\"2020-10-21T09:38:09+00:00\",\"breadcrumb\":{\"@id\":\"https:\/\/www.alamel.fr\/index.php\/liens-utiles\/#breadcrumb\"},\"inLanguage\":\"fr-FR\",\"potentialAction\":[{\"@type\":\"ReadAction\",\"target\":[\"https:\/\/www.alamel.fr\/index.php\/liens-utiles\/\"]}]},{\"@type\":\"BreadcrumbList\",\"@id\":\"https:\/\/www.alamel.fr\/index.php\/liens-utiles\/#breadcrumb\",\"itemListElement\":[{\"@type\":\"ListItem\",\"position\":1,\"item\":{\"@type\":\"WebPage\",\"@id\":\"https:\/\/www.alamel.fr\/\",\"url\":\"https:\/\/www.alamel.fr\/\",\"name\":\"Accueil\"}},{\"@type\":\"ListItem\",\"position\":2,\"item\":{\"@id\":\"https:\/\/www.alamel.fr\/index.php\/liens-utiles\/#webpage\"}}]}]}<\/script>\n<!-- \/ Yoast SEO plugin. -->","_links":{"self":[{"href":"https:\/\/www.alamel.fr\/index.php\/wp-json\/wp\/v2\/pages\/266","targetHints":{"allow":["GET"]}}],"collection":[{"href":"https:\/\/www.alamel.fr\/index.php\/wp-json\/wp\/v2\/pages"}],"about":[{"href":"https:\/\/www.alamel.fr\/index.php\/wp-json\/wp\/v2\/types\/page"}],"author":[{"embeddable":true,"href":"https:\/\/www.alamel.fr\/index.php\/wp-json\/wp\/v2\/users\/1"}],"replies":[{"embeddable":true,"href":"https:\/\/www.alamel.fr\/index.php\/wp-json\/wp\/v2\/comments?post=266"}],"version-history":[{"count":8,"href":"https:\/\/www.alamel.fr\/index.php\/wp-json\/wp\/v2\/pages\/266\/revisions"}],"predecessor-version":[{"id":393,"href":"https:\/\/www.alamel.fr\/index.php\/wp-json\/wp\/v2\/pages\/266\/revisions\/393"}],"wp:attachment":[{"href":"https:\/\/www.alamel.fr\/index.php\/wp-json\/wp\/v2\/media?parent=266"}],"curies":[{"name":"wp","href":"https:\/\/api.w.org\/{rel}","templated":true}]}}