{"id":126,"date":"2016-10-14T11:30:18","date_gmt":"2016-10-14T09:30:18","guid":{"rendered":"http:\/\/www.alamel.fr\/?page_id=126"},"modified":"2016-10-19T11:04:24","modified_gmt":"2016-10-19T09:04:24","slug":"jurisprudence","status":"publish","type":"page","link":"https:\/\/www.alamel.fr\/index.php\/les-cours\/adultes\/jurisprudence\/","title":{"rendered":"Jurisprudence"},"content":{"rendered":"<p>Chaque semaine, des cours de jurisprudence pour adultes sont dispens\u00e9s \u00e0 la mosqu\u00e9e.<\/p>\n<p>Plusieurs th\u00e8mes sont trait\u00e9s selon les ann\u00e9es, vous pouvez conna\u00eetre les horaires en vous r\u00e9f\u00e9rant \u00e0 la <a href=\"http:\/\/www.alamel.fr\/index.php\/les-cours\/planning\/\">section planning <\/a>sur ce site.<\/p>\n","protected":false},"excerpt":{"rendered":"<p>Chaque semaine, des cours de jurisprudence pour adultes sont dispens\u00e9s \u00e0 la mosqu\u00e9e. Plusieurs th\u00e8mes sont trait\u00e9s selon les ann\u00e9es, vous pouvez conna\u00eetre les horaires en vous r\u00e9f\u00e9rant \u00e0 la section planning sur ce site.<\/p>\n","protected":false},"author":1,"featured_media":0,"parent":120,"menu_order":0,"comment_status":"closed","ping_status":"closed","template":"","meta":{"footnotes":""},"class_list":["post-126","page","type-page","status-publish","hentry"],"yoast_head":"<!-- This site is optimized with the Yoast SEO plugin v16.4 - https:\/\/yoast.com\/wordpress\/plugins\/seo\/ -->\n<title>Jurisprudence | \u00c9cole Al Amel | \u0645\u062f\u0631\u0633\u0629 \u0627\u0644\u0623\u0645\u0644<\/title>\n<meta name=\"robots\" content=\"index, follow, max-snippet:-1, max-image-preview:large, max-video-preview:-1\" \/>\n<link rel=\"canonical\" href=\"https:\/\/www.alamel.fr\/index.php\/les-cours\/adultes\/jurisprudence\/\" \/>\n<meta property=\"og:locale\" content=\"fr_FR\" \/>\n<meta property=\"og:type\" content=\"article\" \/>\n<meta property=\"og:title\" content=\"Jurisprudence | \u00c9cole Al Amel | \u0645\u062f\u0631\u0633\u0629 \u0627\u0644\u0623\u0645\u0644\" \/>\n<meta property=\"og:description\" content=\"Chaque semaine, des cours de jurisprudence pour adultes sont dispens\u00e9s \u00e0 la mosqu\u00e9e. Plusieurs th\u00e8mes sont trait\u00e9s selon les ann\u00e9es, vous pouvez conna\u00eetre les horaires en vous r\u00e9f\u00e9rant \u00e0 la section planning sur ce site.\" \/>\n<meta property=\"og:url\" content=\"https:\/\/www.alamel.fr\/index.php\/les-cours\/adultes\/jurisprudence\/\" \/>\n<meta property=\"og:site_name\" content=\"\u00c9cole Al Amel | \u0645\u062f\u0631\u0633\u0629 \u0627\u0644\u0623\u0645\u0644\" \/>\n<meta property=\"article:modified_time\" content=\"2016-10-19T09:04:24+00:00\" \/>\n<meta name=\"twitter:card\" content=\"summary\" \/>\n<script type=\"application\/ld+json\" class=\"yoast-schema-graph\">{\"@context\":\"https:\/\/schema.org\",\"@graph\":[{\"@type\":\"Organization\",\"@id\":\"https:\/\/www.alamel.fr\/#organization\",\"name\":\"Association Culturelle Islamique Cherbourg\",\"url\":\"https:\/\/www.alamel.fr\/\",\"sameAs\":[],\"logo\":{\"@type\":\"ImageObject\",\"@id\":\"https:\/\/www.alamel.fr\/#logo\",\"inLanguage\":\"fr-FR\",\"url\":\"https:\/\/www.alamel.fr\/wp-content\/uploads\/2016\/10\/cropped-cropped-logo-ecole-de-lespoir-3-1-1.jpg\",\"contentUrl\":\"https:\/\/www.alamel.fr\/wp-content\/uploads\/2016\/10\/cropped-cropped-logo-ecole-de-lespoir-3-1-1.jpg\",\"width\":512,\"height\":512,\"caption\":\"Association Culturelle Islamique Cherbourg\"},\"image\":{\"@id\":\"https:\/\/www.alamel.fr\/#logo\"}},{\"@type\":\"WebSite\",\"@id\":\"https:\/\/www.alamel.fr\/#website\",\"url\":\"https:\/\/www.alamel.fr\/\",\"name\":\"\\u00c9cole Al Amel | \\u0645\\u062f\\u0631\\u0633\\u0629 \\u0627\\u0644\\u0623\\u0645\\u0644\",\"description\":\"Parce que l&#039;Arabe est une fi\\u00e8rt\\u00e9...\",\"publisher\":{\"@id\":\"https:\/\/www.alamel.fr\/#organization\"},\"potentialAction\":[{\"@type\":\"SearchAction\",\"target\":\"https:\/\/www.alamel.fr\/?s={search_term_string}\",\"query-input\":\"required name=search_term_string\"}],\"inLanguage\":\"fr-FR\"},{\"@type\":\"WebPage\",\"@id\":\"https:\/\/www.alamel.fr\/index.php\/les-cours\/adultes\/jurisprudence\/#webpage\",\"url\":\"https:\/\/www.alamel.fr\/index.php\/les-cours\/adultes\/jurisprudence\/\",\"name\":\"Jurisprudence | \\u00c9cole Al Amel | \\u0645\\u062f\\u0631\\u0633\\u0629 \\u0627\\u0644\\u0623\\u0645\\u0644\",\"isPartOf\":{\"@id\":\"https:\/\/www.alamel.fr\/#website\"},\"datePublished\":\"2016-10-14T09:30:18+00:00\",\"dateModified\":\"2016-10-19T09:04:24+00:00\",\"breadcrumb\":{\"@id\":\"https:\/\/www.alamel.fr\/index.php\/les-cours\/adultes\/jurisprudence\/#breadcrumb\"},\"inLanguage\":\"fr-FR\",\"potentialAction\":[{\"@type\":\"ReadAction\",\"target\":[\"https:\/\/www.alamel.fr\/index.php\/les-cours\/adultes\/jurisprudence\/\"]}]},{\"@type\":\"BreadcrumbList\",\"@id\":\"https:\/\/www.alamel.fr\/index.php\/les-cours\/adultes\/jurisprudence\/#breadcrumb\",\"itemListElement\":[{\"@type\":\"ListItem\",\"position\":1,\"item\":{\"@type\":\"WebPage\",\"@id\":\"https:\/\/www.alamel.fr\/\",\"url\":\"https:\/\/www.alamel.fr\/\",\"name\":\"Accueil\"}},{\"@type\":\"ListItem\",\"position\":2,\"item\":{\"@type\":\"WebPage\",\"@id\":\"https:\/\/www.alamel.fr\/index.php\/les-cours\/\",\"url\":\"https:\/\/www.alamel.fr\/index.php\/les-cours\/\",\"name\":\"Les cours\"}},{\"@type\":\"ListItem\",\"position\":3,\"item\":{\"@type\":\"WebPage\",\"@id\":\"https:\/\/www.alamel.fr\/index.php\/les-cours\/adultes\/\",\"url\":\"https:\/\/www.alamel.fr\/index.php\/les-cours\/adultes\/\",\"name\":\"Adultes\"}},{\"@type\":\"ListItem\",\"position\":4,\"item\":{\"@id\":\"https:\/\/www.alamel.fr\/index.php\/les-cours\/adultes\/jurisprudence\/#webpage\"}}]}]}<\/script>\n<!-- \/ Yoast SEO plugin. -->","_links":{"self":[{"href":"https:\/\/www.alamel.fr\/index.php\/wp-json\/wp\/v2\/pages\/126","targetHints":{"allow":["GET"]}}],"collection":[{"href":"https:\/\/www.alamel.fr\/index.php\/wp-json\/wp\/v2\/pages"}],"about":[{"href":"https:\/\/www.alamel.fr\/index.php\/wp-json\/wp\/v2\/types\/page"}],"author":[{"embeddable":true,"href":"https:\/\/www.alamel.fr\/index.php\/wp-json\/wp\/v2\/users\/1"}],"replies":[{"embeddable":true,"href":"https:\/\/www.alamel.fr\/index.php\/wp-json\/wp\/v2\/comments?post=126"}],"version-history":[{"count":2,"href":"https:\/\/www.alamel.fr\/index.php\/wp-json\/wp\/v2\/pages\/126\/revisions"}],"predecessor-version":[{"id":241,"href":"https:\/\/www.alamel.fr\/index.php\/wp-json\/wp\/v2\/pages\/126\/revisions\/241"}],"up":[{"embeddable":true,"href":"https:\/\/www.alamel.fr\/index.php\/wp-json\/wp\/v2\/pages\/120"}],"wp:attachment":[{"href":"https:\/\/www.alamel.fr\/index.php\/wp-json\/wp\/v2\/media?parent=126"}],"curies":[{"name":"wp","href":"https:\/\/api.w.org\/{rel}","templated":true}]}}