{"id":124,"date":"2016-10-14T11:28:20","date_gmt":"2016-10-14T09:28:20","guid":{"rendered":"http:\/\/www.alamel.fr\/?page_id=124"},"modified":"2016-10-19T11:06:44","modified_gmt":"2016-10-19T09:06:44","slug":"le-saint-coran","status":"publish","type":"page","link":"https:\/\/www.alamel.fr\/index.php\/les-cours\/adultes\/le-saint-coran\/","title":{"rendered":"Le saint coran"},"content":{"rendered":"<p>Chaque semaine, des cours de Tajwid sont dispens\u00e9s par l&#8217;Imam de la mosqu\u00e9e, ces cours sont destin\u00e9s aux adultes peu importe leur niveau.<\/p>\n<p>Les cours sont en Warch d&#8217;apr\u00e8s Nafii, notre Imam est titulaire de deux licences coraniques (Warch et Qaloune).<\/p>\n<p><img loading=\"lazy\" decoding=\"async\" class=\"alignnone size-medium wp-image-116\" src=\"http:\/\/www.alamel.fr\/wp-content\/uploads\/2016\/10\/coran-tajwid-index-des-mots-du-coran-warch--300x300.jpg\" alt=\"coran-tajwid-index-des-mots-du-coran-warch\" width=\"300\" height=\"300\" srcset=\"https:\/\/www.alamel.fr\/wp-content\/uploads\/2016\/10\/coran-tajwid-index-des-mots-du-coran-warch--300x300.jpg 300w, https:\/\/www.alamel.fr\/wp-content\/uploads\/2016\/10\/coran-tajwid-index-des-mots-du-coran-warch--150x150.jpg 150w, https:\/\/www.alamel.fr\/wp-content\/uploads\/2016\/10\/coran-tajwid-index-des-mots-du-coran-warch-.jpg 600w\" sizes=\"auto, (max-width: 300px) 100vw, 300px\" \/><\/p>\n<p>Pour conna\u00eetre les horaires, reportez-vous \u00e0 <a href=\"http:\/\/www.alamel.fr\/index.php\/les-cours\/planning\/\">la section planning<\/a>.<\/p>\n","protected":false},"excerpt":{"rendered":"<p>Chaque semaine, des cours de Tajwid sont dispens\u00e9s par l&#8217;Imam de la mosqu\u00e9e, ces cours sont destin\u00e9s aux adultes peu importe leur niveau. Les cours sont en Warch d&#8217;apr\u00e8s Nafii, notre Imam est titulaire de deux licences coraniques (Warch et <a href=\"https:\/\/www.alamel.fr\/index.php\/les-cours\/adultes\/le-saint-coran\/\" class=\"read-more\">Read More &#8230;<\/a><\/p>\n","protected":false},"author":1,"featured_media":0,"parent":120,"menu_order":0,"comment_status":"closed","ping_status":"closed","template":"","meta":{"footnotes":""},"class_list":["post-124","page","type-page","status-publish","hentry"],"yoast_head":"<!-- This site is optimized with the Yoast SEO plugin v16.4 - https:\/\/yoast.com\/wordpress\/plugins\/seo\/ -->\n<title>Le saint coran | \u00c9cole Al Amel | \u0645\u062f\u0631\u0633\u0629 \u0627\u0644\u0623\u0645\u0644<\/title>\n<meta name=\"robots\" content=\"index, follow, max-snippet:-1, max-image-preview:large, max-video-preview:-1\" \/>\n<link rel=\"canonical\" href=\"https:\/\/www.alamel.fr\/index.php\/les-cours\/adultes\/le-saint-coran\/\" \/>\n<meta property=\"og:locale\" content=\"fr_FR\" \/>\n<meta property=\"og:type\" content=\"article\" \/>\n<meta property=\"og:title\" content=\"Le saint coran | \u00c9cole Al Amel | \u0645\u062f\u0631\u0633\u0629 \u0627\u0644\u0623\u0645\u0644\" \/>\n<meta property=\"og:description\" content=\"Chaque semaine, des cours de Tajwid sont dispens\u00e9s par l&#8217;Imam de la mosqu\u00e9e, ces cours sont destin\u00e9s aux adultes peu importe leur niveau. Les cours sont en Warch d&#8217;apr\u00e8s Nafii, notre Imam est titulaire de deux licences coraniques (Warch et Read More ...\" \/>\n<meta property=\"og:url\" content=\"https:\/\/www.alamel.fr\/index.php\/les-cours\/adultes\/le-saint-coran\/\" \/>\n<meta property=\"og:site_name\" content=\"\u00c9cole Al Amel | \u0645\u062f\u0631\u0633\u0629 \u0627\u0644\u0623\u0645\u0644\" \/>\n<meta property=\"article:modified_time\" content=\"2016-10-19T09:06:44+00:00\" \/>\n<meta property=\"og:image\" content=\"http:\/\/www.alamel.fr\/wp-content\/uploads\/2016\/10\/coran-tajwid-index-des-mots-du-coran-warch--300x300.jpg\" \/>\n<meta name=\"twitter:card\" content=\"summary\" \/>\n<script type=\"application\/ld+json\" class=\"yoast-schema-graph\">{\"@context\":\"https:\/\/schema.org\",\"@graph\":[{\"@type\":\"Organization\",\"@id\":\"https:\/\/www.alamel.fr\/#organization\",\"name\":\"Association Culturelle Islamique Cherbourg\",\"url\":\"https:\/\/www.alamel.fr\/\",\"sameAs\":[],\"logo\":{\"@type\":\"ImageObject\",\"@id\":\"https:\/\/www.alamel.fr\/#logo\",\"inLanguage\":\"fr-FR\",\"url\":\"https:\/\/www.alamel.fr\/wp-content\/uploads\/2016\/10\/cropped-cropped-logo-ecole-de-lespoir-3-1-1.jpg\",\"contentUrl\":\"https:\/\/www.alamel.fr\/wp-content\/uploads\/2016\/10\/cropped-cropped-logo-ecole-de-lespoir-3-1-1.jpg\",\"width\":512,\"height\":512,\"caption\":\"Association Culturelle Islamique Cherbourg\"},\"image\":{\"@id\":\"https:\/\/www.alamel.fr\/#logo\"}},{\"@type\":\"WebSite\",\"@id\":\"https:\/\/www.alamel.fr\/#website\",\"url\":\"https:\/\/www.alamel.fr\/\",\"name\":\"\\u00c9cole Al Amel | \\u0645\\u062f\\u0631\\u0633\\u0629 \\u0627\\u0644\\u0623\\u0645\\u0644\",\"description\":\"Parce que l&#039;Arabe est une fi\\u00e8rt\\u00e9...\",\"publisher\":{\"@id\":\"https:\/\/www.alamel.fr\/#organization\"},\"potentialAction\":[{\"@type\":\"SearchAction\",\"target\":\"https:\/\/www.alamel.fr\/?s={search_term_string}\",\"query-input\":\"required name=search_term_string\"}],\"inLanguage\":\"fr-FR\"},{\"@type\":\"ImageObject\",\"@id\":\"https:\/\/www.alamel.fr\/index.php\/les-cours\/adultes\/le-saint-coran\/#primaryimage\",\"inLanguage\":\"fr-FR\",\"url\":\"http:\/\/www.alamel.fr\/wp-content\/uploads\/2016\/10\/coran-tajwid-index-des-mots-du-coran-warch--300x300.jpg\",\"contentUrl\":\"http:\/\/www.alamel.fr\/wp-content\/uploads\/2016\/10\/coran-tajwid-index-des-mots-du-coran-warch--300x300.jpg\"},{\"@type\":\"WebPage\",\"@id\":\"https:\/\/www.alamel.fr\/index.php\/les-cours\/adultes\/le-saint-coran\/#webpage\",\"url\":\"https:\/\/www.alamel.fr\/index.php\/les-cours\/adultes\/le-saint-coran\/\",\"name\":\"Le saint coran | \\u00c9cole Al Amel | \\u0645\\u062f\\u0631\\u0633\\u0629 \\u0627\\u0644\\u0623\\u0645\\u0644\",\"isPartOf\":{\"@id\":\"https:\/\/www.alamel.fr\/#website\"},\"primaryImageOfPage\":{\"@id\":\"https:\/\/www.alamel.fr\/index.php\/les-cours\/adultes\/le-saint-coran\/#primaryimage\"},\"datePublished\":\"2016-10-14T09:28:20+00:00\",\"dateModified\":\"2016-10-19T09:06:44+00:00\",\"breadcrumb\":{\"@id\":\"https:\/\/www.alamel.fr\/index.php\/les-cours\/adultes\/le-saint-coran\/#breadcrumb\"},\"inLanguage\":\"fr-FR\",\"potentialAction\":[{\"@type\":\"ReadAction\",\"target\":[\"https:\/\/www.alamel.fr\/index.php\/les-cours\/adultes\/le-saint-coran\/\"]}]},{\"@type\":\"BreadcrumbList\",\"@id\":\"https:\/\/www.alamel.fr\/index.php\/les-cours\/adultes\/le-saint-coran\/#breadcrumb\",\"itemListElement\":[{\"@type\":\"ListItem\",\"position\":1,\"item\":{\"@type\":\"WebPage\",\"@id\":\"https:\/\/www.alamel.fr\/\",\"url\":\"https:\/\/www.alamel.fr\/\",\"name\":\"Accueil\"}},{\"@type\":\"ListItem\",\"position\":2,\"item\":{\"@type\":\"WebPage\",\"@id\":\"https:\/\/www.alamel.fr\/index.php\/les-cours\/\",\"url\":\"https:\/\/www.alamel.fr\/index.php\/les-cours\/\",\"name\":\"Les cours\"}},{\"@type\":\"ListItem\",\"position\":3,\"item\":{\"@type\":\"WebPage\",\"@id\":\"https:\/\/www.alamel.fr\/index.php\/les-cours\/adultes\/\",\"url\":\"https:\/\/www.alamel.fr\/index.php\/les-cours\/adultes\/\",\"name\":\"Adultes\"}},{\"@type\":\"ListItem\",\"position\":4,\"item\":{\"@id\":\"https:\/\/www.alamel.fr\/index.php\/les-cours\/adultes\/le-saint-coran\/#webpage\"}}]}]}<\/script>\n<!-- \/ Yoast SEO plugin. -->","_links":{"self":[{"href":"https:\/\/www.alamel.fr\/index.php\/wp-json\/wp\/v2\/pages\/124","targetHints":{"allow":["GET"]}}],"collection":[{"href":"https:\/\/www.alamel.fr\/index.php\/wp-json\/wp\/v2\/pages"}],"about":[{"href":"https:\/\/www.alamel.fr\/index.php\/wp-json\/wp\/v2\/types\/page"}],"author":[{"embeddable":true,"href":"https:\/\/www.alamel.fr\/index.php\/wp-json\/wp\/v2\/users\/1"}],"replies":[{"embeddable":true,"href":"https:\/\/www.alamel.fr\/index.php\/wp-json\/wp\/v2\/comments?post=124"}],"version-history":[{"count":3,"href":"https:\/\/www.alamel.fr\/index.php\/wp-json\/wp\/v2\/pages\/124\/revisions"}],"predecessor-version":[{"id":243,"href":"https:\/\/www.alamel.fr\/index.php\/wp-json\/wp\/v2\/pages\/124\/revisions\/243"}],"up":[{"embeddable":true,"href":"https:\/\/www.alamel.fr\/index.php\/wp-json\/wp\/v2\/pages\/120"}],"wp:attachment":[{"href":"https:\/\/www.alamel.fr\/index.php\/wp-json\/wp\/v2\/media?parent=124"}],"curies":[{"name":"wp","href":"https:\/\/api.w.org\/{rel}","templated":true}]}}